{"id":49,"date":"2020-01-04T18:36:07","date_gmt":"2020-01-04T16:36:07","guid":{"rendered":"http:\/\/testi.koiratuotteet.fi\/?page_id=49"},"modified":"2022-11-18T22:13:11","modified_gmt":"2022-11-18T20:13:11","slug":"kylatalo-2","status":"publish","type":"page","link":"https:\/\/www.sapsalampi.fi\/?page_id=49","title":{"rendered":"Kyl\u00e4talo"},"content":{"rendered":"<p><img loading=\"lazy\" decoding=\"async\" class=\"alignright wp-image-79\" src=\"https:\/\/www.sapsalampi.fi\/wp-content\/uploads\/2020\/01\/Kyl\u00e4talo-300x173.jpg\" alt=\"\" width=\"326\" height=\"188\"><\/p>\n<p>Sapsalammin kyl\u00e4talo toimii vuonna 2006 lakkautetussa entisen Sapsalammin koulun tiloissa. Kyl\u00e4talolla on kolme luokkahuonetta, iso kellaritila sek\u00e4 asuinhuoneisto. Lis\u00e4ksi alueella on ulkorakennus sek\u00e4 saunarakennus. Pienin luokkahuone on varattu kutomapiiril\u00e4isille. Luokassa onkin useammat kangaspuut ahkerassa k\u00e4yt\u00f6ss\u00e4. Lis\u00e4ksi ulkorakennuksessa on toinen tila miss\u00e4 voi k\u00e4yd\u00e4 kutomassa kangaspuilla. Kellaritilassa on aikaisemmin olleet keitti\u00f6tilat.<\/p>\n<p>&nbsp;<\/p>\n<p>&nbsp;<\/p>\n<p><img loading=\"lazy\" decoding=\"async\" class=\" wp-image-85 alignright\" src=\"https:\/\/www.sapsalampi.fi\/wp-content\/uploads\/2020\/01\/Kyl\u00e4talo-takaa.jpg\" alt=\"\" width=\"328\" height=\"212\"><\/p>\n<p>Syksyll\u00e4 2017 kyl\u00e4talo sai uudistetun keitti\u00f6n vanhan luokkahuoneen tiloihin mik\u00e4 helpotti eri tilaisuuksien j\u00e4rjest\u00e4mist\u00e4. Vanha keitti\u00f6tila alakerrassa j\u00e4i varastotilaksi. Lis\u00e4ksi rakennettiin inva wc sek\u00e4 invaluiska ulkopuolelle mik\u00e4 mahdollistaa inva-asiakkaiden p\u00e4\u00e4syn eri tilaisuuksiin. Kyl\u00e4talo on l\u00e4pi vuoden aktiivisessa k\u00e4yt\u00f6ss\u00e4 niin entisten kun nykyisten kyl\u00e4l\u00e4isten keskuudessa. Kyl\u00e4talolla kokoontuu vuoden aikana kansalaisopiston eri harrastepiirej\u00e4, mm. kutomapiirit, erilaiset jumpat ja kaksiriviset. Lis\u00e4ksi talolla j\u00e4rjestet\u00e4\u00e4n eri tilaisuuksia ja tapahtumia sek\u00e4 sit\u00e4 vuokrataan yksityisten ja yhdistysten k\u00e4ytt\u00f6\u00f6n.<\/p>\n<p><center><br \/>\n<iframe loading=\"lazy\" style=\"border: 1;\" src=\"https:\/\/www.google.com\/maps\/embed?pb=!1m14!1m8!1m3!1d14765.9762783073!2d23.629961!3d62.444067!3m2!1i1024!2i768!4f13.1!3m3!1m2!1s0x46861beecb220509%3A0xb6f282267810b287!2sKyr%C3%B6nniementie+14%2C+63340+Alavus%2C+Suomi!5e0!3m2!1sfi!2sus!4v1526593732394\" allowfullscreen=\"allowfullscreen\" width=\"600\" height=\"450\" frameborder=\"1\"><\/iframe><br \/>\n<\/center><\/p>\n","protected":false},"excerpt":{"rendered":"<p>Sapsalammin kyl\u00e4talo toimii vuonna 2006 lakkautetussa entisen Sapsalammin koulun tiloissa. Kyl\u00e4talolla on kolme luokkahuonetta, iso kellaritila sek\u00e4 asuinhuoneisto. Lis\u00e4ksi alueella on ulkorakennus sek\u00e4 saunarakennus.<\/p>\n","protected":false},"author":1,"featured_media":0,"parent":0,"menu_order":6,"comment_status":"closed","ping_status":"closed","template":"","meta":{"footnotes":""},"class_list":["post-49","page","type-page","status-publish","hentry"],"_links":{"self":[{"href":"https:\/\/www.sapsalampi.fi\/index.php?rest_route=\/wp\/v2\/pages\/49","targetHints":{"allow":["GET"]}}],"collection":[{"href":"https:\/\/www.sapsalampi.fi\/index.php?rest_route=\/wp\/v2\/pages"}],"about":[{"href":"https:\/\/www.sapsalampi.fi\/index.php?rest_route=\/wp\/v2\/types\/page"}],"author":[{"embeddable":true,"href":"https:\/\/www.sapsalampi.fi\/index.php?rest_route=\/wp\/v2\/users\/1"}],"replies":[{"embeddable":true,"href":"https:\/\/www.sapsalampi.fi\/index.php?rest_route=%2Fwp%2Fv2%2Fcomments&post=49"}],"version-history":[{"count":3,"href":"https:\/\/www.sapsalampi.fi\/index.php?rest_route=\/wp\/v2\/pages\/49\/revisions"}],"predecessor-version":[{"id":314,"href":"https:\/\/www.sapsalampi.fi\/index.php?rest_route=\/wp\/v2\/pages\/49\/revisions\/314"}],"wp:attachment":[{"href":"https:\/\/www.sapsalampi.fi\/index.php?rest_route=%2Fwp%2Fv2%2Fmedia&parent=49"}],"curies":[{"name":"wp","href":"https:\/\/api.w.org\/{rel}","templated":true}]}}