{"id":47,"date":"2020-01-04T18:34:46","date_gmt":"2020-01-04T16:34:46","guid":{"rendered":"http:\/\/testi.koiratuotteet.fi\/?page_id=47"},"modified":"2021-06-15T22:32:18","modified_gmt":"2021-06-15T19:32:18","slug":"siikinniemen-rantalava","status":"publish","type":"page","link":"https:\/\/www.sapsalampi.fi\/?page_id=47","title":{"rendered":"Siikinniemen rantalava"},"content":{"rendered":"<p><img loading=\"lazy\" decoding=\"async\" class=\" wp-image-11 alignright\" src=\"https:\/\/www.sapsalampi.fi\/wp-content\/uploads\/2021\/06\/IMG_1654-scaled.jpg\" alt=\"\" width=\"273\" height=\"205\">Sapsalammilla on pitk\u00e4t perinteet omaava Siikinniemen rantalava. Etel\u00e4p\u00e4\u00e4n Maamiesseura rakensi vuonna 1933 omistamalleen niemekkeelle ensimm\u00e4isen tanssilavan eli huvialueen. Lava oli pelkk\u00e4 lattia, jonka korkein rakennelma oli soittajien koroke. Vuonna 1946 valmistui uusi, katettu tanssilava. Suurlavojen aikakauden koittaessa Siikinniemen toiminta rappeutui ja viimeiset tanssit pidettiin vuonna 1966.<\/p>\n<p>&nbsp;<\/p>\n<p>&nbsp;<\/p>\n<p>&nbsp;<\/p>\n<p>&nbsp;<\/p>\n<p><img loading=\"lazy\" decoding=\"async\" class=\" wp-image-83 alignright\" src=\"https:\/\/www.sapsalampi.fi\/wp-content\/uploads\/2021\/06\/IMG_1650-scaled.jpg\" alt=\"\" width=\"274\" height=\"206\"><\/p>\n<p>30 vuotta my\u00f6hemmin Sapsalammin kyl\u00e4yhdistys vuokrasi maa-alueen maamiesseuralta ja rakensi niemeen grillikatoksen. Katoksen j\u00e4lkeen niemeen nousi vanhaa Siikinniemen lavaa j\u00e4ljittelev\u00e4 tanssilava ja ensimm\u00e4iset tanssit pidettiin kes\u00e4ll\u00e4 1999.<\/p>\n<p>Syksyll\u00e4 2016 ja kes\u00e4ll\u00e4 2017 rantalava koki seuraavan suuren muutoksen kun koko alueella kunnostettiin niin ymp\u00e4rist\u00f6\u00e4 kuin rakennuksia. Syksyll\u00e4 piha-alueelta kaadettiin lukuisa m\u00e4\u00e4r\u00e4 puita ja n\u00e4in saatiin alue avoimemmaksi ja valoisammaksi. Kes\u00e4n 2017 aikana kaikki alueen rakennukset saivat uuden ilmeen ja v\u00e4rin pintaan. Rantalava sai uuden katon sek\u00e4 esiintymislavaa korotettiin ja muissakin rakennuksissa korjattiin vuosien saatossa hajonneita ja rapistuneita paikkoja. Korjaukset ja kunnostukset mahdollisti &#8221;Siikinniemi 2016&#8221; -hanke, johon Sapsalammin kyl\u00e4yhdistys sai avustusta Etel\u00e4-Pohjanmaan ELY-keskukselta.<\/p>\n<p>Kes\u00e4isin Siikinniemess\u00e4 j\u00e4rjestet\u00e4\u00e4n mm. tansseja, tanssinopetusta sek\u00e4 karaokelauluiltoja. Lis\u00e4ksi kyl\u00e4yhdistys vuokraa rantalavaa yksityisten ja yhdistysten k\u00e4ytt\u00f6\u00f6n.<\/p>\n<p><center><br \/>\n<iframe loading=\"lazy\" style=\"border: 1;\" src=\"https:\/\/www.google.com\/maps\/embed?pb=!1m14!1m8!1m3!1d14768.677284254825!2d23.62523!3d62.438598!3m2!1i1024!2i768!4f13.1!3m3!1m2!1s0x46861bf1e19c8401%3A0xcd894c71bcd2fd55!2sVirtaintie+1774%2C+63340+Alavus%2C+Suomi!5e0!3m2!1sfi!2sus!4v1526593602237\" allowfullscreen=\"allowfullscreen\" width=\"600\" height=\"450\" frameborder=\"1\"><\/iframe><\/center><\/p>\n","protected":false},"excerpt":{"rendered":"<p>Sapsalammilla on pitk\u00e4t perinteet omaava Siikinniemen rantalava. Etel\u00e4p\u00e4\u00e4n Maamiesseura rakensi vuonna 1933 omistamalleen niemekkeelle ensimm\u00e4isen tanssilavan eli huvialueen. Lava oli pelkk\u00e4 lattia, jonka korkein<\/p>\n","protected":false},"author":1,"featured_media":0,"parent":0,"menu_order":5,"comment_status":"closed","ping_status":"closed","template":"","meta":{"footnotes":""},"class_list":["post-47","page","type-page","status-publish","hentry"],"_links":{"self":[{"href":"https:\/\/www.sapsalampi.fi\/index.php?rest_route=\/wp\/v2\/pages\/47","targetHints":{"allow":["GET"]}}],"collection":[{"href":"https:\/\/www.sapsalampi.fi\/index.php?rest_route=\/wp\/v2\/pages"}],"about":[{"href":"https:\/\/www.sapsalampi.fi\/index.php?rest_route=\/wp\/v2\/types\/page"}],"author":[{"embeddable":true,"href":"https:\/\/www.sapsalampi.fi\/index.php?rest_route=\/wp\/v2\/users\/1"}],"replies":[{"embeddable":true,"href":"https:\/\/www.sapsalampi.fi\/index.php?rest_route=%2Fwp%2Fv2%2Fcomments&post=47"}],"version-history":[{"count":3,"href":"https:\/\/www.sapsalampi.fi\/index.php?rest_route=\/wp\/v2\/pages\/47\/revisions"}],"predecessor-version":[{"id":220,"href":"https:\/\/www.sapsalampi.fi\/index.php?rest_route=\/wp\/v2\/pages\/47\/revisions\/220"}],"wp:attachment":[{"href":"https:\/\/www.sapsalampi.fi\/index.php?rest_route=%2Fwp%2Fv2%2Fmedia&parent=47"}],"curies":[{"name":"wp","href":"https:\/\/api.w.org\/{rel}","templated":true}]}}