{"id":45,"date":"2020-01-04T18:33:24","date_gmt":"2020-01-04T16:33:24","guid":{"rendered":"http:\/\/testi.koiratuotteet.fi\/?page_id=45"},"modified":"2026-04-06T16:44:23","modified_gmt":"2026-04-06T13:44:23","slug":"yhdistystoiminta","status":"publish","type":"page","link":"https:\/\/www.sapsalampi.fi\/?page_id=45","title":{"rendered":"Yhdistystoiminta"},"content":{"rendered":"<p>Sapsalammin kyl\u00e4n eri yhdistykset toimivat aktiivisesti. Yhdistyksist\u00e4 vanhin, Alavuden Etel\u00e4p\u00e4\u00e4n maamiesseura on perustettu kes\u00e4kuussa 1915. Maamiesseuralla on muun muassa viljankuivaustoimintaa. Lis\u00e4ksi kyl\u00e4ll\u00e4 toimivat Sapsalammin kyl\u00e4yhdistys, Sapsalammin kalastusseura, joka perustettiin v. 1952 ja Etel\u00e4p\u00e4\u00e4n maa- ja kotitalousnaiset. My\u00f6s Sulkavankyl\u00e4n Mets\u00e4stysseura toimii Sapsalammin ja koko etel\u00e4isen Alavuden alueella.<\/p>\n<p>Sapsalammin kyl\u00e4yhdistys, SapKy, ry<br \/>\nYhteyshenkil\u00f6: Esa M\u00e4ki-Neste, puh. 050 084 0925, s\u00e4hk\u00f6posti:\u00a0 esa.makineste@gmail.com<\/p>\n<p>Hallitus v. 2026<\/p>\n<p><em>\u00a0\u00a0\u00a0\u00a0\u00a0\u00a0\u00a0\u00a0\u00a0\u00a0\u00a0\u00a0\u00a0\u00a0\u00a0\u00a0\u00a0\u00a0\u00a0\u00a0\u00a0 puheenjohtaja\u00a0 \u00a0 \u00a0 \u00a0 \u00a0 \u00a0 \u00a0 \u00a0 \u00a0Esa M\u00e4ki-Neste<\/em><\/p>\n<p><em>\u00a0 \u00a0 \u00a0 \u00a0 \u00a0 \u00a0 \u00a0 \u00a0 \u00a0 \u00a0 \u00a0 rahastonhoitaja \/<\/em><\/p>\n<p><em>\u00a0 \u00a0 \u00a0 \u00a0 \u00a0 \u00a0 \u00a0 \u00a0 \u00a0 \u00a0 \u00a0 varapuheenjohtaja\u00a0 \u00a0 \u00a0 \u00a0 \u00a0 Ulla Niemi-Saari<\/em><\/p>\n<p><em>\u00a0\u00a0\u00a0\u00a0\u00a0\u00a0\u00a0\u00a0\u00a0\u00a0\u00a0\u00a0\u00a0\u00a0\u00a0\u00a0\u00a0\u00a0\u00a0\u00a0\u00a0 sihteeri\u00a0 \u00a0 \u00a0 \u00a0 \u00a0 \u00a0 \u00a0 \u00a0 \u00a0 \u00a0 \u00a0 \u00a0 \u00a0 \u00a0 \u00a0 Sirpa Paloniemi<\/em><\/p>\n<p><em>\u00a0 \u00a0 \u00a0 \u00a0 \u00a0 \u00a0 \u00a0 \u00a0 \u00a0 \u00a0 \u00a0<\/em><em>\u00a0 \u00a0varsinaiset j\u00e4senet\u00a0 \u00a0 \u00a0 \u00a0 Johanna Hannuksela<br \/>\n<\/em><\/p>\n<p><em>\u00a0 \u00a0 \u00a0 \u00a0 \u00a0 \u00a0 \u00a0 \u00a0 \u00a0 \u00a0 \u00a0 \u00a0 \u00a0 \u00a0 \u00a0 \u00a0 \u00a0 \u00a0 \u00a0 \u00a0 \u00a0 \u00a0 \u00a0 \u00a0 \u00a0 \u00a0 \u00a0 \u00a0 \u00a0 \u00a0 \u00a0 \u00a0 \u00a0 Heli Rajalahti<br \/>\n<\/em><\/p>\n<p><em>\u00a0 \u00a0 \u00a0 \u00a0 \u00a0 \u00a0 \u00a0 \u00a0 \u00a0 \u00a0 \u00a0 \u00a0 \u00a0 \u00a0 \u00a0 \u00a0 \u00a0 \u00a0 \u00a0 \u00a0 \u00a0 \u00a0 \u00a0 \u00a0 \u00a0 \u00a0 \u00a0 \u00a0 \u00a0 \u00a0 \u00a0 \u00a0 \u00a0 Mirja Neste<\/em><\/p>\n<p><em>\u00a0 \u00a0 \u00a0 \u00a0 \u00a0 \u00a0 \u00a0 \u00a0 \u00a0 \u00a0 \u00a0 \u00a0 \u00a0 \u00a0 \u00a0 \u00a0 \u00a0 \u00a0 \u00a0 \u00a0 \u00a0 \u00a0 \u00a0 \u00a0 \u00a0 \u00a0 \u00a0 \u00a0 \u00a0 \u00a0 \u00a0 \u00a0 \u00a0 Raija Neste<\/em><\/p>\n<p><em>\u00a0 \u00a0 \u00a0 \u00a0 \u00a0 \u00a0 \u00a0 \u00a0 \u00a0 \u00a0 \u00a0 \u00a0 \u00a0 \u00a0 \u00a0 \u00a0 \u00a0 \u00a0 \u00a0 \u00a0 \u00a0 \u00a0 \u00a0 \u00a0 \u00a0 \u00a0 \u00a0 \u00a0 \u00a0 \u00a0 \u00a0 \u00a0 \u00a0 Pasi Nurmi<\/em><\/p>\n<p style=\"text-align: left; padding-left: 240px;\"><em>Viivi Kleemola<\/em><\/p>\n<p><em>\u00a0\u00a0\u00a0\u00a0\u00a0\u00a0\u00a0\u00a0\u00a0\u00a0\u00a0\u00a0\u00a0\u00a0\u00a0\u00a0\u00a0\u00a0\u00a0\u00a0\u00a0 varaj\u00e4senet\u00a0 \u00a0 \u00a0 \u00a0 \u00a0 \u00a0 \u00a0 \u00a0 \u00a0 \u00a0 \u00a0 \u00a0Paula Pajarinen<br \/>\n<\/em><\/p>\n<p><em>\u00a0 \u00a0 \u00a0 \u00a0 \u00a0 \u00a0 \u00a0 \u00a0 \u00a0 \u00a0 \u00a0 \u00a0 \u00a0 \u00a0 \u00a0 \u00a0 \u00a0 \u00a0 \u00a0 \u00a0 \u00a0 \u00a0 \u00a0 \u00a0 \u00a0 \u00a0 \u00a0 \u00a0 \u00a0 \u00a0 \u00a0 \u00a0 \u00a0 Jani Raiski<br \/>\n<\/em><\/p>\n<p>Alavuden Etel\u00e4p\u00e4\u00e4n maanmiesseura ry<br \/>\nYhteyshenkil\u00f6: Vesa Neste p. 040 041 2476<\/p>\n<p>Alavuden Sapsalammin kalastusseura ry<br \/>\nYhteyshenkil\u00f6: Esa M\u00e4ki-Neste p. 050 084 0925, email: esa.makineste(a)gmail.com<br \/>\nTilinumero FI6550070020115350.<br \/>\nViitenumeron maksuun saa puheenjohtajalta, sihteerilt\u00e4 tai rahastonhoitajalta.<\/p>\n<p><a href=\"https:\/\/www.lapuanjoenkalatalousalue.fi\/osakaskunnat-ja-kalastusseurat\/sapsalammen-kalastusseura-ry\/\">https:\/\/www.lapuanjoenkalatalousalue.fi\/osakaskunnat-ja-kalastusseurat\/sapsalammen-kalastusseura-ry\/<\/a><\/p>\n<p>Etel\u00e4p\u00e4\u00e4n maa- ja kotitalousnaiset<br \/>\nYhteyshenkil\u00f6: Mirja Neste p. 040 500 2249, email: mirja.neste(a)gmail.com<\/p>\n<p>Sulkavankyl\u00e4n mets\u00e4stysseura ry<br \/>\nYhteyshenkil\u00f6: Kari Asunmaa p. 040 072 5911, email: kari.asunmaa(a)gmail.com<\/p>\n<p><a href=\"https:\/\/sulkavankylanmetsastysseura.com\/\">https:\/\/sulkavankylanmetsastysseura.com\/<\/a><\/p>\n","protected":false},"excerpt":{"rendered":"<p>Sapsalammin kyl\u00e4n eri yhdistykset toimivat aktiivisesti. Yhdistyksist\u00e4 vanhin, Alavuden Etel\u00e4p\u00e4\u00e4n maamiesseura on perustettu kes\u00e4kuussa 1915. Maamiesseuralla on muun muassa viljankuivaustoimintaa. Lis\u00e4ksi kyl\u00e4ll\u00e4 toimivat Sapsalammin<\/p>\n","protected":false},"author":1,"featured_media":0,"parent":0,"menu_order":4,"comment_status":"closed","ping_status":"closed","template":"","meta":{"footnotes":""},"class_list":["post-45","page","type-page","status-publish","hentry"],"_links":{"self":[{"href":"https:\/\/www.sapsalampi.fi\/index.php?rest_route=\/wp\/v2\/pages\/45","targetHints":{"allow":["GET"]}}],"collection":[{"href":"https:\/\/www.sapsalampi.fi\/index.php?rest_route=\/wp\/v2\/pages"}],"about":[{"href":"https:\/\/www.sapsalampi.fi\/index.php?rest_route=\/wp\/v2\/types\/page"}],"author":[{"embeddable":true,"href":"https:\/\/www.sapsalampi.fi\/index.php?rest_route=\/wp\/v2\/users\/1"}],"replies":[{"embeddable":true,"href":"https:\/\/www.sapsalampi.fi\/index.php?rest_route=%2Fwp%2Fv2%2Fcomments&post=45"}],"version-history":[{"count":19,"href":"https:\/\/www.sapsalampi.fi\/index.php?rest_route=\/wp\/v2\/pages\/45\/revisions"}],"predecessor-version":[{"id":564,"href":"https:\/\/www.sapsalampi.fi\/index.php?rest_route=\/wp\/v2\/pages\/45\/revisions\/564"}],"wp:attachment":[{"href":"https:\/\/www.sapsalampi.fi\/index.php?rest_route=%2Fwp%2Fv2%2Fmedia&parent=45"}],"curies":[{"name":"wp","href":"https:\/\/api.w.org\/{rel}","templated":true}]}}