{"id":42,"date":"2025-04-30T00:39:01","date_gmt":"2025-04-29T21:39:01","guid":{"rendered":"http:\/\/testi.koiratuotteet.fi\/?page_id=42"},"modified":"2026-01-18T21:00:48","modified_gmt":"2026-01-18T19:00:48","slug":"ajankohtaista","status":"publish","type":"page","link":"https:\/\/www.sapsalampi.fi\/?page_id=42","title":{"rendered":"Ajankohtaista"},"content":{"rendered":"\n<p class=\"has-medium-font-size\"><strong>Talvella tapahtuu Sapsussa<\/strong><\/p>\n\n\n\n<p>Pyylammin j\u00e4\u00e4ll\u00e4 j\u00e4\u00e4rata ajot sunnuntaisin klo 12-18<\/p>\n\n\n\n<p>osoite: Pyyluomantie 170<\/p>\n\n\n\n<p>Ajokauden avaus 18.1.2026<\/p>\n\n\n\n<p>__________________________________________________________________________<\/p>\n\n\n\n<p class=\"has-medium-font-size\"><\/p>\n\n\n\n<p><\/p>\n\n\n\n<p class=\"has-medium-font-size\"><strong>Siivousk\u00f6kk\u00e4 Siikinniemess\u00e4<\/strong><\/p>\n\n\n\n<p class=\"has-medium-font-size\"><strong>lauantaina 10.5.2025 klo 10<\/strong><\/p>\n\n\n\n<p>Siivotaan rakennukset sis\u00e4lt\u00e4 ja ikkunoiden pusu jatkuu.<\/p>\n\n\n\n<p>Tekemist\u00e4 riitt\u00e4\u00e4, kev\u00e4inen yll\u00e4tys kuinka paljon talven j\u00e4ljelt\u00e4<\/p>\n\n\n\n<p>siivoamista riitt\u00e4\u00e4. Kaikki mukaan talkoisiin.<\/p>\n\n\n\n<p>Tervetuloa siivoamaan, avajaiset l\u00e4hestyy 7.6.2025 <\/p>\n\n\n\n<p>saadaan alue siistiin kuntoon<\/p>\n\n\n\n<p>L\u00e4mmint\u00e4 vett\u00e4 voit tuoda mukana.<\/p>\n\n\n\n<p><\/p>\n\n\n\n<p><\/p>\n\n\n\n<p>&#8212;&#8212;&#8212;&#8212;&#8212;&#8212;&#8212;&#8212;&#8212;&#8212;&#8212;&#8212;&#8212;&#8212;&#8212;&#8212;&#8212;&#8212;&#8212;&#8212;&#8212;&#8212;&#8212;&#8212;&#8212;&#8212;&#8212;&#8212;&#8212;&#8212;&#8212;&#8212;&#8212;-<\/p>\n\n\n\n<p class=\"has-medium-font-size\"><strong>Siivousk\u00f6kk\u00e4 Siikinniemess\u00e4  <\/strong><\/p>\n\n\n\n<p class=\"has-medium-font-size\"><strong>sunnuntaina 4.5.2025 klo 10<\/strong><\/p>\n\n\n\n<div class=\"wp-block-group\"><div class=\"wp-block-group__inner-container is-layout-constrained wp-block-group-is-layout-constrained\">\n<div class=\"wp-block-group is-vertical is-layout-flex wp-container-core-group-is-layout-8cf370e7 wp-block-group-is-layout-flex\">\n<p>Siivotaan koko alue, rakennukset sis\u00e4lt\u00e4, ikkunoiden pesu<\/p>\n\n\n\n<p>haravoidaan alue.<\/p>\n\n\n\n<p>Tervetuloa k\u00f6kk\u00e4\u00e4n kyl\u00e4l\u00e4iset, kes\u00e4asukkaat, kaikki innokkaat<\/p>\n\n\n\n<p>mukaan. Omat harvat ja ikkunanpesuv\u00e4lineet mukaan.<\/p>\n\n\n\n<p><\/p>\n<\/div>\n<\/div><\/div>\n\n\n\n<p>&#8212;&#8212;&#8212;&#8212;&#8212;&#8212;&#8212;&#8212;&#8212;&#8212;&#8212;&#8212;&#8212;&#8212;&#8212;&#8212;&#8212;&#8212;&#8212;&#8212;&#8212;&#8212;&#8212;&#8212;&#8212;&#8212;&#8212;&#8212;&#8212;&#8212;&#8212;&#8212;&#8212;&#8212;&#8211;<\/p>\n\n\n\n<p class=\"has-medium-font-size\"><strong>Metalliromun ker\u00e4ys  1.5.2025 &#8211; 30.9.2025<\/strong><\/p>\n\n\n\n<p class=\"has-medium-font-size\">Kyl\u00e4talon kent\u00e4ll\u00e4 merkityll\u00e4 alueella<\/p>\n\n\n\n<p class=\"has-medium-font-size\"><strong>Metallinker\u00e4ykseen saa laittaa<\/strong><\/p>\n\n\n\n<ul class=\"wp-block-list\">\n<li>polkupy\u00f6r\u00e4t<\/li>\n\n\n\n<li>metalliset koneet<\/li>\n\n\n\n<li>s\u00e4hk\u00f6johdot, jatkojohdot ja kaapelit<\/li>\n\n\n\n<li>polttomoottorit ilman nesteit\u00e4<\/li>\n\n\n\n<li>kattopelti<\/li>\n\n\n\n<li>puul\u00e4mmitteiset kiukaat<\/li>\n\n\n\n<li>tyhj\u00e4t, sivellinkuivat maalipurkit (kansi irrallaan)<\/li>\n\n\n\n<li>tyhj\u00e4t hiilidioksidipatruunat<\/li>\n\n\n\n<li>kattilat ja paistinpannut<\/li>\n\n\n\n<li>tyhj\u00e4t paineettomat aerosolipullot (ei pihise, ei h\u00f6lsky)<\/li>\n\n\n\n<li>avatut tyhj\u00e4t ja puhtaat tynnyrit<\/li>\n\n\n\n<li>rakentamisen alumiinifolio<\/li>\n<\/ul>\n\n\n\n<p class=\"has-medium-font-size\"><strong>Metallinker\u00e4ykseen ei saa laittaa<\/strong><\/p>\n\n\n\n<ul class=\"wp-block-list\">\n<li>Vaarallisia j\u00e4tteit\u00e4 kuten paristoja<\/li>\n\n\n\n<li>S\u00e4hk\u00f6laitteita kuten leiv\u00e4npaahtimia<\/li>\n\n\n\n<li>J\u00e4\u00e4kaapit ja pakastimet<\/li>\n<\/ul>\n\n\n\n<p><\/p>\n\n\n\n<p><\/p>\n\n\n\n<p>&#8212;&#8212;&#8212;&#8212;&#8212;&#8212;&#8212;&#8212;&#8212;&#8212;&#8212;&#8212;&#8212;&#8212;&#8212;&#8212;&#8212;&#8212;&#8212;&#8212;&#8212;&#8212;&#8212;&#8212;&#8212;&#8212;&#8212;&#8212;&#8212;&#8212;&#8212;&#8212;&#8212;&#8212;&#8212;&#8212;-<\/p>\n\n\n\n<p class=\"has-medium-font-size\"><strong>Sapsun kyl\u00e4talolla<\/strong><\/p>\n\n\n\n<p class=\"has-medium-font-size\">Sapsalammin Kalastusseura ry<\/p>\n\n\n\n<p class=\"has-medium-font-size\">Tervetuloa !<\/p>\n\n\n\n<p class=\"has-medium-font-size\">Vuosikokous<\/p>\n\n\n\n<p class=\"has-medium-font-size\">Maanantaina 7.4.2025 klo 19<\/p>\n","protected":false},"excerpt":{"rendered":"<p>Talvella tapahtuu Sapsussa Pyylammin j\u00e4\u00e4ll\u00e4 j\u00e4\u00e4rata ajot sunnuntaisin klo 12-18 osoite: Pyyluomantie 170 Ajokauden avaus 18.1.2026 __________________________________________________________________________ Siivousk\u00f6kk\u00e4 Siikinniemess\u00e4 lauantaina 10.5.2025 klo 10 Siivotaan<\/p>\n","protected":false},"author":1,"featured_media":0,"parent":0,"menu_order":3,"comment_status":"closed","ping_status":"closed","template":"","meta":{"footnotes":""},"class_list":["post-42","page","type-page","status-publish","hentry"],"_links":{"self":[{"href":"https:\/\/www.sapsalampi.fi\/index.php?rest_route=\/wp\/v2\/pages\/42","targetHints":{"allow":["GET"]}}],"collection":[{"href":"https:\/\/www.sapsalampi.fi\/index.php?rest_route=\/wp\/v2\/pages"}],"about":[{"href":"https:\/\/www.sapsalampi.fi\/index.php?rest_route=\/wp\/v2\/types\/page"}],"author":[{"embeddable":true,"href":"https:\/\/www.sapsalampi.fi\/index.php?rest_route=\/wp\/v2\/users\/1"}],"replies":[{"embeddable":true,"href":"https:\/\/www.sapsalampi.fi\/index.php?rest_route=%2Fwp%2Fv2%2Fcomments&post=42"}],"version-history":[{"count":38,"href":"https:\/\/www.sapsalampi.fi\/index.php?rest_route=\/wp\/v2\/pages\/42\/revisions"}],"predecessor-version":[{"id":539,"href":"https:\/\/www.sapsalampi.fi\/index.php?rest_route=\/wp\/v2\/pages\/42\/revisions\/539"}],"wp:attachment":[{"href":"https:\/\/www.sapsalampi.fi\/index.php?rest_route=%2Fwp%2Fv2%2Fmedia&parent=42"}],"curies":[{"name":"wp","href":"https:\/\/api.w.org\/{rel}","templated":true}]}}