{"id":376,"date":"2023-11-06T17:24:09","date_gmt":"2023-11-06T15:24:09","guid":{"rendered":"https:\/\/www.sapsalampi.fi\/?page_id=376"},"modified":"2025-03-02T09:09:29","modified_gmt":"2025-03-02T07:09:29","slug":"kuntosali","status":"publish","type":"page","link":"https:\/\/www.sapsalampi.fi\/?page_id=376","title":{"rendered":"Kuntosali"},"content":{"rendered":"\n<p class=\"has-medium-font-size\">Sapsalammin kyl\u00e4yhdistyksen kuntosalille ovat kaikki k\u00e4ytt\u00f6maksun maksaneet tervetulleita kuntoilemaan!<\/p>\n\n\n\n<p class=\"has-medium-font-size\">Sali sijaitsee kyl\u00e4talon ulkorakennuksessa osoitteessa Kyr\u00f6nniementie 14.<\/p>\n\n\n\n<figure class=\"wp-block-image size-large is-resized\"><img loading=\"lazy\" decoding=\"async\" width=\"1024\" height=\"574\" src=\"https:\/\/www.sapsalampi.fi\/wp-content\/uploads\/2025\/02\/Kuva_10_Sapsu-1024x574.jpg\" alt=\"\" class=\"wp-image-464\" style=\"width:517px;height:auto\" srcset=\"https:\/\/www.sapsalampi.fi\/wp-content\/uploads\/2025\/02\/Kuva_10_Sapsu-1024x574.jpg 1024w, https:\/\/www.sapsalampi.fi\/wp-content\/uploads\/2025\/02\/Kuva_10_Sapsu-300x168.jpg 300w, https:\/\/www.sapsalampi.fi\/wp-content\/uploads\/2025\/02\/Kuva_10_Sapsu-768x431.jpg 768w, https:\/\/www.sapsalampi.fi\/wp-content\/uploads\/2025\/02\/Kuva_10_Sapsu-1536x862.jpg 1536w, https:\/\/www.sapsalampi.fi\/wp-content\/uploads\/2025\/02\/Kuva_10_Sapsu-2048x1149.jpg 2048w, https:\/\/www.sapsalampi.fi\/wp-content\/uploads\/2025\/02\/Kuva_10_Sapsu-715x400.jpg 715w\" sizes=\"auto, (max-width: 1024px) 100vw, 1024px\" \/><\/figure>\n\n\n\n<p class=\"has-text-align-center has-medium-font-size\"><img loading=\"lazy\" decoding=\"async\" width=\"150\" height=\"78\" class=\"wp-image-469\" style=\"width: 150px;\" src=\"https:\/\/www.sapsalampi.fi\/wp-content\/uploads\/2025\/03\/penkki-scaled.jpg\" alt=\"\" srcset=\"https:\/\/www.sapsalampi.fi\/wp-content\/uploads\/2025\/03\/penkki-scaled.jpg 2560w, https:\/\/www.sapsalampi.fi\/wp-content\/uploads\/2025\/03\/penkki-300x157.jpg 300w, https:\/\/www.sapsalampi.fi\/wp-content\/uploads\/2025\/03\/penkki-1024x535.jpg 1024w, https:\/\/www.sapsalampi.fi\/wp-content\/uploads\/2025\/03\/penkki-768x402.jpg 768w, https:\/\/www.sapsalampi.fi\/wp-content\/uploads\/2025\/03\/penkki-1536x803.jpg 1536w, https:\/\/www.sapsalampi.fi\/wp-content\/uploads\/2025\/03\/penkki-2048x1071.jpg 2048w\" sizes=\"auto, (max-width: 150px) 100vw, 150px\" \/><img loading=\"lazy\" decoding=\"async\" width=\"150\" height=\"200\" class=\"wp-image-466\" style=\"width: 150px;\" src=\"https:\/\/www.sapsalampi.fi\/wp-content\/uploads\/2025\/03\/1740895440626.jpg\" alt=\"\" srcset=\"https:\/\/www.sapsalampi.fi\/wp-content\/uploads\/2025\/03\/1740895440626.jpg 1369w, https:\/\/www.sapsalampi.fi\/wp-content\/uploads\/2025\/03\/1740895440626-225x300.jpg 225w, https:\/\/www.sapsalampi.fi\/wp-content\/uploads\/2025\/03\/1740895440626-767x1024.jpg 767w, https:\/\/www.sapsalampi.fi\/wp-content\/uploads\/2025\/03\/1740895440626-768x1025.jpg 768w, https:\/\/www.sapsalampi.fi\/wp-content\/uploads\/2025\/03\/1740895440626-1151x1536.jpg 1151w\" sizes=\"auto, (max-width: 150px) 100vw, 150px\" \/><img loading=\"lazy\" decoding=\"async\" width=\"150\" height=\"332\" class=\"wp-image-467\" style=\"width: 150px;\" src=\"https:\/\/www.sapsalampi.fi\/wp-content\/uploads\/2025\/03\/etur-scaled.jpg\" alt=\"\" srcset=\"https:\/\/www.sapsalampi.fi\/wp-content\/uploads\/2025\/03\/etur-scaled.jpg 1155w, https:\/\/www.sapsalampi.fi\/wp-content\/uploads\/2025\/03\/etur-135x300.jpg 135w, https:\/\/www.sapsalampi.fi\/wp-content\/uploads\/2025\/03\/etur-462x1024.jpg 462w, https:\/\/www.sapsalampi.fi\/wp-content\/uploads\/2025\/03\/etur-768x1703.jpg 768w, https:\/\/www.sapsalampi.fi\/wp-content\/uploads\/2025\/03\/etur-693x1536.jpg 693w, https:\/\/www.sapsalampi.fi\/wp-content\/uploads\/2025\/03\/etur-924x2048.jpg 924w\" sizes=\"auto, (max-width: 150px) 100vw, 150px\" \/><img loading=\"lazy\" decoding=\"async\" width=\"150\" height=\"332\" class=\"wp-image-468\" style=\"width: 150px;\" src=\"https:\/\/www.sapsalampi.fi\/wp-content\/uploads\/2025\/03\/reisi-scaled.jpg\" alt=\"\" srcset=\"https:\/\/www.sapsalampi.fi\/wp-content\/uploads\/2025\/03\/reisi-scaled.jpg 1155w, https:\/\/www.sapsalampi.fi\/wp-content\/uploads\/2025\/03\/reisi-135x300.jpg 135w, https:\/\/www.sapsalampi.fi\/wp-content\/uploads\/2025\/03\/reisi-462x1024.jpg 462w, https:\/\/www.sapsalampi.fi\/wp-content\/uploads\/2025\/03\/reisi-768x1703.jpg 768w, https:\/\/www.sapsalampi.fi\/wp-content\/uploads\/2025\/03\/reisi-693x1536.jpg 693w, https:\/\/www.sapsalampi.fi\/wp-content\/uploads\/2025\/03\/reisi-924x2048.jpg 924w\" sizes=\"auto, (max-width: 150px) 100vw, 150px\" \/><\/p>\n\n\n\n<h3 class=\"wp-block-heading\">Kuinka aloitan kuntoilun?<\/h3>\n\n\n\n<ol class=\"has-medium-font-size wp-block-list\">\n<li>Lue j\u00e4rjestyss\u00e4\u00e4nn\u00f6t <a href=\"#saannot\">sivun alaosasta<\/a>.<\/li>\n\n\n\n<li>Rekister\u00f6itym\u00e4ll\u00e4 kuntosalille ja maksamalla k\u00e4ytt\u00f6maksun, hyv\u00e4ksyt j\u00e4rjestyss\u00e4\u00e4nn\u00f6t.<\/li>\n\n\n\n<li>Klikkaa alta painiketta <strong>Rekister\u00f6idy kuntosalille<\/strong> ja t\u00e4yt\u00e4 yhteystietosi.<\/li>\n\n\n\n<li>Maksa k\u00e4ytt\u00f6maksu valitsemasi maksuv\u00e4lin mukaisesti, lis\u00e4tietoa kohdassa <strong>Maksuohjeet<\/strong>.<\/li>\n\n\n\n<li>Kun olemme k\u00e4sitelleet rekister\u00f6itymisen sek\u00e4 maksusi, toimitamme sinulle avainkoodin.<\/li>\n\n\n\n<li>Avainkoodilla saat auki avainkaapin salin ulko-ovella. P\u00e4\u00e4set avaimella sis\u00e4\u00e4n salille.<\/li>\n\n\n\n<li>Palauta avain avainkaappiin ja <strong>sekoita<\/strong> avainkaapin numeroyhdistelm\u00e4, jotta kaappi menee lukkoon!<\/li>\n<\/ol>\n\n\n\n<p class=\"has-medium-font-size\">T\u00e4yt\u00e4 tietosi lomakkeelle:<\/p>\n\n\n\n<div class=\"wp-block-buttons is-layout-flex wp-block-buttons-is-layout-flex\">\n<div class=\"wp-block-button\"><a class=\"wp-block-button__link wp-element-button\" href=\"https:\/\/forms.gle\/KnLAwPkLsVsVs5H56\" target=\"_blank\" rel=\"noreferrer noopener\">Rekister\u00f6idy kuntosalille<\/a><\/div>\n<\/div>\n\n\n\n<div style=\"height:50px\" aria-hidden=\"true\" class=\"wp-block-spacer\"><\/div>\n\n\n\n<h3 class=\"wp-block-heading\">Hinnasto<\/h3>\n\n\n\n<p class=\"has-medium-font-size\">1 kuukausi 10 \u20ac<\/p>\n\n\n\n<p class=\"has-medium-font-size\">6 kuukautta 50 \u20ac<\/p>\n\n\n\n<p class=\"has-medium-font-size\">12 kuukautta 90 \u20ac<\/p>\n\n\n\n<p class=\"has-medium-font-size\">Yli 75v 0 \u20ac<\/p>\n\n\n\n<div style=\"height:50px\" aria-hidden=\"true\" class=\"wp-block-spacer\"><\/div>\n\n\n\n<h3 class=\"wp-block-heading\">Maksuohjeet:<\/h3>\n\n\n\n<p><\/p>\n\n\n\n<p class=\"has-medium-font-size\">Maksa k\u00e4ytt\u00f6maksu tilille:<\/p>\n\n\n\n<p class=\"has-medium-font-size\">Tilinumero: <strong>FI36 5007 0020 0503 00<\/strong><\/p>\n\n\n\n<p class=\"has-medium-font-size\">Viesti: <strong>Lis\u00e4\u00e4 viestikentt\u00e4\u00e4n oma puhelinnumerosi<\/strong><\/p>\n\n\n\n<div style=\"height:50px\" aria-hidden=\"true\" class=\"wp-block-spacer\"><\/div>\n\n\n\n<h3 class=\"wp-block-heading\" id=\"saannot\">Kuntosalin j\u00e4rjestyss\u00e4\u00e4nn\u00f6t<\/h3>\n\n\n\n<ol class=\"has-medium-font-size wp-block-list\">\n<li>Kuntosalin k\u00e4ytt\u00f6oikeus on vain k\u00e4ytt\u00f6maksun maksaneilla henkil\u00f6ill\u00e4.<\/li>\n\n\n\n<li>Kuntosalin ik\u00e4raja on 15 vuotta.<\/li>\n\n\n\n<li>Yli 12-vuotiaat lapset voivat harjoitella huoltajan tai valmentajan ohjauksessa.<\/li>\n\n\n\n<li>Ulkokenkien k\u00e4ytt\u00f6 kielletty.<\/li>\n\n\n\n<li>K\u00e4ytt\u00e4m\u00e4si tarvikkeet sek\u00e4 painot on palautettava paikoilleen.<\/li>\n\n\n\n<li>\u00c4l\u00e4 varaa laitetta kokonaan itsellesi. Anna muille mahdollisuus k\u00e4ytt\u00e4\u00e4 laitetta sarjojen v\u00e4lisen taukosi aikana.<\/li>\n\n\n\n<li>Pyyhi laitteet aina k\u00e4ytt\u00f6si j\u00e4lkeen pyyhkeell\u00e4 tai kuntosalin desinfiointiaineella sek\u00e4 paperilla.<\/li>\n\n\n\n<li>Kuntosalin k\u00e4ytt\u00f6 on kielletty\u00e4 p\u00e4ihteiden vaikutuksen alaisena.<\/li>\n\n\n\n<li>Tupakkatuotteiden sek\u00e4 nuuskan k\u00e4ytt\u00f6 on kielletty\u00e4 kuntosalilla.<\/li>\n\n\n\n<li>Huomioi kuntosalille my\u00f6s muut kuntoilijat.<\/li>\n\n\n\n<li>Sinulle toimitettu avainkoodi on henkil\u00f6kohtainen ja sen luovuttaminen ulkopuolisille on kielletty\u00e4 ja johtaa kuntosalin k\u00e4yt\u00f6n m\u00e4\u00e4r\u00e4aikaiseen k\u00e4ytt\u00f6kieltoon.<\/li>\n\n\n\n<li>Ulko-ovea ei saa avata muille salille pyrkiville. Jokainen k\u00e4ytt\u00e4\u00e4 omaa avainkoodiansa oven avaamiseen.<\/li>\n\n\n\n<li>Ulko-oven on aina oltava lukossa.<\/li>\n\n\n\n<li>Jokainen on itse vastuussa vaatteiden sek\u00e4 muun omaisuuden s\u00e4ilytt\u00e4misest\u00e4 kuntosalilla.<\/li>\n\n\n\n<li>Kuntoile oman kuntosi ja osaamistasosi mukaisesti. Tapaturmien sattuessa jokainen on vastuussa itsest\u00e4\u00e4n ja huolehtimaan omasta vakuutusturvastaan.<\/li>\n\n\n\n<li>Jos sali j\u00e4\u00e4 poistuessasi tyhj\u00e4ksi, muista sammuttaa valot.<\/li>\n<\/ol>\n\n\n\n<p class=\"has-medium-font-size\">J\u00e4rjestyss\u00e4\u00e4nt\u00f6jen rikkomisesta, ohjeiden noudattamatta j\u00e4tt\u00e4misest\u00e4, laittomasta toiminnasta tai huonosta k\u00e4yt\u00f6ksest\u00e4 seuraa m\u00e4\u00e4r\u00e4aikainen k\u00e4ytt\u00f6kielto. Asiakkaalle ei korvata k\u00e4ytt\u00f6kiellosta menetetty\u00e4 salin k\u00e4ytt\u00f6aikaa.<\/p>\n\n\n\n<p class=\"has-medium-font-size\">Jos havaitset s\u00e4\u00e4nt\u00f6jen rikkomista, ohjeiden noudattamatta j\u00e4tt\u00e4mist\u00e4, huonoa k\u00e4yt\u00f6st\u00e4 tai laitevikoja, ilmoita siit\u00e4 Sapsalammin kyl\u00e4yhdistykselle.<\/p>\n","protected":false},"excerpt":{"rendered":"<p>Sapsalammin kyl\u00e4yhdistyksen kuntosalille ovat kaikki k\u00e4ytt\u00f6maksun maksaneet tervetulleita kuntoilemaan! Sali sijaitsee kyl\u00e4talon ulkorakennuksessa osoitteessa Kyr\u00f6nniementie 14. Kuinka aloitan kuntoilun? T\u00e4yt\u00e4 tietosi lomakkeelle: Hinnasto 1<\/p>\n","protected":false},"author":3,"featured_media":377,"parent":0,"menu_order":0,"comment_status":"closed","ping_status":"closed","template":"","meta":{"footnotes":""},"class_list":["post-376","page","type-page","status-publish","has-post-thumbnail","hentry"],"_links":{"self":[{"href":"https:\/\/www.sapsalampi.fi\/index.php?rest_route=\/wp\/v2\/pages\/376","targetHints":{"allow":["GET"]}}],"collection":[{"href":"https:\/\/www.sapsalampi.fi\/index.php?rest_route=\/wp\/v2\/pages"}],"about":[{"href":"https:\/\/www.sapsalampi.fi\/index.php?rest_route=\/wp\/v2\/types\/page"}],"author":[{"embeddable":true,"href":"https:\/\/www.sapsalampi.fi\/index.php?rest_route=\/wp\/v2\/users\/3"}],"replies":[{"embeddable":true,"href":"https:\/\/www.sapsalampi.fi\/index.php?rest_route=%2Fwp%2Fv2%2Fcomments&post=376"}],"version-history":[{"count":21,"href":"https:\/\/www.sapsalampi.fi\/index.php?rest_route=\/wp\/v2\/pages\/376\/revisions"}],"predecessor-version":[{"id":472,"href":"https:\/\/www.sapsalampi.fi\/index.php?rest_route=\/wp\/v2\/pages\/376\/revisions\/472"}],"wp:featuredmedia":[{"embeddable":true,"href":"https:\/\/www.sapsalampi.fi\/index.php?rest_route=\/wp\/v2\/media\/377"}],"wp:attachment":[{"href":"https:\/\/www.sapsalampi.fi\/index.php?rest_route=%2Fwp%2Fv2%2Fmedia&parent=376"}],"curies":[{"name":"wp","href":"https:\/\/api.w.org\/{rel}","templated":true}]}}