{"id":37,"date":"2020-01-04T18:23:23","date_gmt":"2020-01-04T16:23:23","guid":{"rendered":"http:\/\/testi.koiratuotteet.fi\/?page_id=37"},"modified":"2020-01-04T18:23:23","modified_gmt":"2020-01-04T16:23:23","slug":"sapsalampi-ja-kansanmusiikki","status":"publish","type":"page","link":"https:\/\/www.sapsalampi.fi\/?page_id=37","title":{"rendered":"Sapsalampi ja kansanmusiikki"},"content":{"rendered":"<p>Sapsalampi on tunnettu my\u00f6s kansanmusiikin keskuudessa. Sapsalammin ymp\u00e4rist\u00f6ss\u00e4 varttui ja asui Anna Ottilia Ilkka (os.Saari) (1875 &#8211; 1963), joka tuli my\u00f6hemmin tunnetuksi Tiila Ilkka nimisen\u00e4 kansanlaulajana. Erkki Ala-K\u00f6nni tallensi kes\u00e4ll\u00e4 1950 t\u00e4ysin muistin varassa laulavalta Tiila Ilkalta yli 150 kansanlaulua. My\u00f6hempin\u00e4 vuosina tallennettiin viel\u00e4 lis\u00e4\u00e4 lauluja, joita kertyi lopuksi Alavuden laulukirjaan reilut 200 kappaletta. Lis\u00e4ksi h\u00e4nelt\u00e4 on kirjoitettu muistiin muutakin kansanperinnett\u00e4, tarinoita, sananlaskuja ym.<\/p>\n<p>Tiila Ilkan perinnett\u00e4 kansanmusiikin saralla Sapsalammilla on jatkanut vuonna 1998 mestaripelimanni arvonimen saanut Airi Hautam\u00e4ki, jonka soittimena on kaksirivinen haitari. Mestaripelimanni arvonimi\u00e4 oli vuoteen 1998 menness\u00e4 my\u00f6nnetty 81 kappaletta ja niist\u00e4 naispelimanneille vain viisi ennen Airia. Airi Hautam\u00e4ki (os. Paloniemi) syntyi Alavuden Sapsalammilla vuonna 1949. Airin ensimm\u00e4inen muisto kansanmusiikista on 1950-luvun puoliv\u00e4list\u00e4, kun h\u00e4n kuuli naapurinsa soittavan kaksirivist\u00e4 haitaria. Soittaja oli tunnetun alavutelaisen kansanlaulajan Tiila Ilkan tytt\u00e4renpoika Antti Saarim\u00e4ki, joka asui vastap\u00e4\u00e4t\u00e4 Airin kotia. Airilla oli tapana k\u00e4yd\u00e4 kuuntelemassa soittoa ja ihastelemassa Antin kaksirivist\u00e4 haitaria. Soitto kuulosti Airin korviin mukavalta ja soitinkin oli &#8221;korian punainen&#8221;. My\u00f6s Airi sai itselleen my\u00f6hemmin pienen vihre\u00e4n kaksirivisen, joka tilattiin Erkki Ala-K\u00f6nnilt\u00e4 Helsingist\u00e4. H\u00e4n soitteli uutta haitariaan p\u00e4ivitt\u00e4in ja sai apua soittamiseen my\u00f6s naapurin Antilta. Antti soitteli edell\u00e4 ja Airi samaa kappaletta per\u00e4ss\u00e4. Airin \u00e4idin laulellessa kansanlauluja kotona Airi kuunteli tarkkaan ja toisti \u00e4itins\u00e4 lauluja soittaen. Airin soittamisen lahja selvisi jo varhaisessa vaiheessa, sill\u00e4 h\u00e4n oppi toistamaan kuulemansa nopeasti. Yh\u00e4 edelleen h\u00e4n hy\u00f6dynt\u00e4\u00e4 korvakuulosoittoa sek\u00e4 opetuksessa ett\u00e4 omassa musisoinnissaan. Airi on tehnyt opetusty\u00f6t\u00e4 vuodesta 1981 alkaen ja opetusty\u00f6st\u00e4 kertoo paljon sekin, ett\u00e4 Airin oppilaat ovat mm. voittaneet Suomen pelimannimestaruuden 71 kertaa. Lis\u00e4ksi Airin oppilas voitti Hopeisen harmonikan kilpailun v. 2009. Tasavallan Presidentti my\u00f6nsi Airi Hautam\u00e4elle Director musices -arvonimen vuonna 2009. Omia s\u00e4vellyksi\u00e4 on vuosien varrella syntynyt reilut 100 kappaletta. Airin opetusty\u00f6 jatkuu edelleen ja h\u00e4n on pidetty kaksirivispelimanni niin opetuksen kuin esiintymisen saralla ymp\u00e4ri Suomen.<\/p>\n","protected":false},"excerpt":{"rendered":"<p>Sapsalampi on tunnettu my\u00f6s kansanmusiikin keskuudessa. Sapsalammin ymp\u00e4rist\u00f6ss\u00e4 varttui ja asui Anna Ottilia Ilkka (os.Saari) (1875 &#8211; 1963), joka tuli my\u00f6hemmin tunnetuksi Tiila Ilkka<\/p>\n","protected":false},"author":1,"featured_media":0,"parent":35,"menu_order":1,"comment_status":"closed","ping_status":"closed","template":"","meta":{"footnotes":""},"class_list":["post-37","page","type-page","status-publish","hentry"],"_links":{"self":[{"href":"https:\/\/www.sapsalampi.fi\/index.php?rest_route=\/wp\/v2\/pages\/37","targetHints":{"allow":["GET"]}}],"collection":[{"href":"https:\/\/www.sapsalampi.fi\/index.php?rest_route=\/wp\/v2\/pages"}],"about":[{"href":"https:\/\/www.sapsalampi.fi\/index.php?rest_route=\/wp\/v2\/types\/page"}],"author":[{"embeddable":true,"href":"https:\/\/www.sapsalampi.fi\/index.php?rest_route=\/wp\/v2\/users\/1"}],"replies":[{"embeddable":true,"href":"https:\/\/www.sapsalampi.fi\/index.php?rest_route=%2Fwp%2Fv2%2Fcomments&post=37"}],"version-history":[{"count":1,"href":"https:\/\/www.sapsalampi.fi\/index.php?rest_route=\/wp\/v2\/pages\/37\/revisions"}],"predecessor-version":[{"id":38,"href":"https:\/\/www.sapsalampi.fi\/index.php?rest_route=\/wp\/v2\/pages\/37\/revisions\/38"}],"up":[{"embeddable":true,"href":"https:\/\/www.sapsalampi.fi\/index.php?rest_route=\/wp\/v2\/pages\/35"}],"wp:attachment":[{"href":"https:\/\/www.sapsalampi.fi\/index.php?rest_route=%2Fwp%2Fv2%2Fmedia&parent=37"}],"curies":[{"name":"wp","href":"https:\/\/api.w.org\/{rel}","templated":true}]}}