{"id":351,"date":"2023-05-27T17:58:03","date_gmt":"2023-05-27T14:58:03","guid":{"rendered":"https:\/\/www.sapsalampi.fi\/?page_id=351"},"modified":"2024-05-29T07:34:48","modified_gmt":"2024-05-29T04:34:48","slug":"sup-laudat","status":"publish","type":"page","link":"https:\/\/www.sapsalampi.fi\/?page_id=351","title":{"rendered":"Sup-laudat"},"content":{"rendered":"\n<p>Kyl\u00e4yhdistys vuokraa kyl\u00e4l\u00e4isille sek\u00e4 muille halukkaille SUP-lautoja k\u00e4ytett\u00e4v\u00e4ksi Sapsalammella.<\/p>\n\n\n\n<p>Vuokraus tapahtuu Sapsalammin kyl\u00e4talon uimarannalta osoitteesta Kyr\u00f6nniementie 14, 63340 Sapsalampi<\/p>\n\n\n\n<h1 class=\"wp-block-heading\">Vuokraus<\/h1>\n\n\n\n<p>Voit tiedustella SUP-lautojen saatavuutta v\u00e4hint\u00e4\u00e4n vuorokautta etuk\u00e4teen numerosta 040 412 6026 \/ Jani Raiski<\/p>\n\n\n\n<h2 class=\"wp-block-heading\">Vuokrattavat SUP-laudat ja tarvikkeet:<\/h2>\n\n\n\n<ul class=\"wp-block-list\">\n<li>3 kpl laadukkaita kovia SUP-lautoja<\/li>\n\n\n\n<li>SUP-meloja\n<ul class=\"wp-block-list\">\n<li>3 aikuisten melaa. Pituus s\u00e4\u00e4dett\u00e4v\u00e4 170-210 cm<\/li>\n\n\n\n<li>2 lasten melaa. Pituus s\u00e4\u00e4dett\u00e4v\u00e4 137-171 cm<\/li>\n<\/ul>\n<\/li>\n\n\n\n<li>Kelluntaliivit, vesiurheiluun tarkoitetut <strong>VAIN UIMATAITOISILLE!<\/strong>\n<ul class=\"wp-block-list\">\n<li>3 kpl S (30-50 kg)<\/li>\n\n\n\n<li>3 kpl M (50-70 kg)<\/li>\n\n\n\n<li>3 kpl L (70-90 kg)<\/li>\n\n\n\n<li>3 kpl XL (+90 kg)<\/li>\n<\/ul>\n<\/li>\n\n\n\n<li>Pelastusliivit\n<ul class=\"wp-block-list\">\n<li>2 kpl vauvojen pelastusliivit (10-20 kg)<\/li>\n\n\n\n<li>2 kpl vauvojen pelastusliivit (15-30 kg)<\/li>\n\n\n\n<li>2 kpl lasten pelastusliivit (30-40 kg)<\/li>\n\n\n\n<li>2 kpl lasten pelastusliivit (40-50 kg)<\/li>\n\n\n\n<li>3 kpl M pelastusliivit (50-70 kg)<\/li>\n\n\n\n<li>3 kpl L pelastusliivit (70-100 kg)<\/li>\n\n\n\n<li>3 kpl XL pelastusliivit (+100 kg)<\/li>\n<\/ul>\n<\/li>\n<\/ul>\n\n\n\n<h2 class=\"wp-block-heading\">Hinnasto<\/h2>\n\n\n\n<p>Alkaen 10 \u20ac \/ 2 tuntia<br>t\u00e4m\u00e4n j\u00e4lkeen 5 \u20ac \/ alkava tunti.<\/p>\n\n\n\n<p>Hinta sis\u00e4lt\u00e4\u00e4 vuokrauksen ajaksi yhden SUP-laudan, melan ja pelastus- tai kelluntaliivin.<\/p>\n\n\n\n<h1 class=\"wp-block-heading\">Turvallisuusohjeet<\/h1>\n\n\n\n<h2 class=\"wp-block-heading\">Reitti ja kokemus<\/h2>\n\n\n\n<p>Suunnittele aina suppailtava reitti etuk\u00e4teen ja kerro l\u00e4heisillesi etuk\u00e4teen, minne olet menossa ja kuinka kauan viivyt. Reitti\u00e4 suunniteltaessa ota aina huomioon s\u00e4\u00e4olosuhteet, oma kokemuksesi sek\u00e4 jaksamisesi.<br>Pid\u00e4 reitti maltillisen pituisena kun s\u00e4\u00e4olosuhteet ovat haastavat sateen, helteen tai tuulen vuoksi.<br>My\u00f6t\u00e4tuuleen suppailtaessa ota huomioon <strong>vastatuulen vaikutus<\/strong> paluumatkallasi.<br>Varustaudu my\u00f6s s\u00e4\u00e4n mukaisella tavalla.<\/p>\n\n\n\n<h2 class=\"wp-block-heading\">Turvallisuus<\/h2>\n\n\n\n<p>K\u00e4yt\u00e4 <strong>AINA<\/strong> pelastus- tai kelluntaliivej\u00e4. <strong>Uimataidottomille pelastusliivit ovat pakolliset.<\/strong> Muut voivat valita haluavatko k\u00e4ytt\u00e4\u00e4 pelastusliivej\u00e4 tai vesiurheiluun tarkoitettuja kelluntaliivej\u00e4.<\/p>\n\n\n\n<p><strong>Karkuremmi on aina kiinnitett\u00e4v\u00e4 nilkkaan ennen SUP-lautailun aloittamista.<\/strong><\/p>\n\n\n\n<p><strong>SUP-lautoja ei vuokrata p\u00e4ihtyneelle henkil\u00f6lle.<\/strong><\/p>\n\n\n\n<h1 class=\"wp-block-heading\">Vuokrausehdot<\/h1>\n\n\n\n<div data-wp-interactive=\"core\/file\" class=\"wp-block-file\"><object data-wp-bind--hidden=\"!state.hasPdfPreview\" hidden class=\"wp-block-file__embed\" data=\"https:\/\/www.sapsalampi.fi\/wp-content\/uploads\/2024\/05\/Vuokrausehdot-Sapsalammin-kylayhdistys-SAPKY-ry.pdf\" type=\"application\/pdf\" style=\"width:100%;height:600px\" aria-label=\"Tiedoston Vuokrausehdot-Sapsalammin-kylayhdistys-SAPKY-ry upotus.\"><\/object><a id=\"wp-block-file--media-e6552ce1-9ecd-4f48-b4b9-76c90ca82018\" href=\"https:\/\/www.sapsalampi.fi\/wp-content\/uploads\/2024\/05\/Vuokrausehdot-Sapsalammin-kylayhdistys-SAPKY-ry.pdf\">Vuokrausehdot-Sapsalammin-kylayhdistys-SAPKY-ry<\/a><a href=\"https:\/\/www.sapsalampi.fi\/wp-content\/uploads\/2024\/05\/Vuokrausehdot-Sapsalammin-kylayhdistys-SAPKY-ry.pdf\" class=\"wp-block-file__button wp-element-button\" download aria-describedby=\"wp-block-file--media-e6552ce1-9ecd-4f48-b4b9-76c90ca82018\">Lataa<\/a><\/div>\n","protected":false},"excerpt":{"rendered":"<p>Kyl\u00e4yhdistys vuokraa kyl\u00e4l\u00e4isille sek\u00e4 muille halukkaille SUP-lautoja k\u00e4ytett\u00e4v\u00e4ksi Sapsalammella. Vuokraus tapahtuu Sapsalammin kyl\u00e4talon uimarannalta osoitteesta Kyr\u00f6nniementie 14, 63340 Sapsalampi Vuokraus Voit tiedustella SUP-lautojen saatavuutta<\/p>\n","protected":false},"author":2,"featured_media":0,"parent":51,"menu_order":1,"comment_status":"closed","ping_status":"closed","template":"","meta":{"footnotes":""},"class_list":["post-351","page","type-page","status-publish","hentry"],"_links":{"self":[{"href":"https:\/\/www.sapsalampi.fi\/index.php?rest_route=\/wp\/v2\/pages\/351","targetHints":{"allow":["GET"]}}],"collection":[{"href":"https:\/\/www.sapsalampi.fi\/index.php?rest_route=\/wp\/v2\/pages"}],"about":[{"href":"https:\/\/www.sapsalampi.fi\/index.php?rest_route=\/wp\/v2\/types\/page"}],"author":[{"embeddable":true,"href":"https:\/\/www.sapsalampi.fi\/index.php?rest_route=\/wp\/v2\/users\/2"}],"replies":[{"embeddable":true,"href":"https:\/\/www.sapsalampi.fi\/index.php?rest_route=%2Fwp%2Fv2%2Fcomments&post=351"}],"version-history":[{"count":7,"href":"https:\/\/www.sapsalampi.fi\/index.php?rest_route=\/wp\/v2\/pages\/351\/revisions"}],"predecessor-version":[{"id":440,"href":"https:\/\/www.sapsalampi.fi\/index.php?rest_route=\/wp\/v2\/pages\/351\/revisions\/440"}],"up":[{"embeddable":true,"href":"https:\/\/www.sapsalampi.fi\/index.php?rest_route=\/wp\/v2\/pages\/51"}],"wp:attachment":[{"href":"https:\/\/www.sapsalampi.fi\/index.php?rest_route=%2Fwp%2Fv2%2Fmedia&parent=351"}],"curies":[{"name":"wp","href":"https:\/\/api.w.org\/{rel}","templated":true}]}}