{"id":35,"date":"2020-01-04T18:22:15","date_gmt":"2020-01-04T16:22:15","guid":{"rendered":"http:\/\/testi.koiratuotteet.fi\/?page_id=35"},"modified":"2025-04-22T23:29:10","modified_gmt":"2025-04-22T20:29:10","slug":"sapsalampi","status":"publish","type":"page","link":"https:\/\/www.sapsalampi.fi\/","title":{"rendered":"Sapsalampi"},"content":{"rendered":"<p>Sapsalampi sijaitsee Alavuden kaupungin etel\u00e4osassa, Etel\u00e4-Pohjanmaan ja Pirkanmaan rajalla. Kyl\u00e4 on vanhaa kivikautista asuma-aluetta, my\u00f6s lappalaiset ovat pit\u00e4neet kyl\u00e4\u00e4 aikanaan mets\u00e4stys- ja kalastusalueenaan.<br \/>Kyl\u00e4n nykyinen asutus on tullut 1560-luvun puoliv\u00e4lin tienoilla. T\u00e4n\u00e4 p\u00e4iv\u00e4n\u00e4 kyl\u00e4n talouksista vajaa puolet saa toimeentulonsa maa- ja mets\u00e4taloudesta. Noin 400 asukkaan kyl\u00e4ss\u00e4 on runsaasti my\u00f6s eri alojen yritystoimintaa. Mm. tilitoimsto, taksi, kaivinkoneurakointia, soramyynti ja -kuljetusta, rakennuspalvelua, kyl\u00e4palvelua ym. Kirjastoauto kiert\u00e4\u00e4 joka toinen viikko. Sapsalampi on useiden kymmenien j\u00e4rvien ja lampien kyl\u00e4. Kauniit j\u00e4rvimaiset ovatkin houkutelleet kyl\u00e4\u00e4n toistasataa kes\u00e4m\u00f6kki\u00e4. Kes\u00e4isin kyl\u00e4n asukasm\u00e4\u00e4r\u00e4 l\u00e4hes kaksinkertaistuu.<\/p>\n<p><strong>Kuudestaan ry:n kyl\u00e4esite Sapsalammista:<\/strong><br \/><a href=\"https:\/\/kuudestaan.net\/wp-content\/uploads\/2023\/07\/Sapsalampi-esite.pdf\">https:\/\/kuudestaan.net\/wp-content\/uploads\/2023\/07\/Sapsalampi-esite.pdf<\/a><\/p>\n\n\n<p><strong>Etel\u00e4pohjalaiset Kyl\u00e4t ry<\/strong><\/p>\n\n\n\n<p><a href=\"https:\/\/www.epk.fi\/\">https:\/\/www.epk.fi\/<\/a><\/p>\n\n\n\n<p><\/p>\n\n\n\n<p><\/p>\n\n\n\n<p><\/p>\n","protected":false},"excerpt":{"rendered":"<p>Sapsalampi sijaitsee Alavuden kaupungin etel\u00e4osassa, Etel\u00e4-Pohjanmaan ja Pirkanmaan rajalla. Kyl\u00e4 on vanhaa kivikautista asuma-aluetta, my\u00f6s lappalaiset ovat pit\u00e4neet kyl\u00e4\u00e4 aikanaan mets\u00e4stys- ja kalastusalueenaan.Kyl\u00e4n nykyinen<\/p>\n","protected":false},"author":1,"featured_media":0,"parent":0,"menu_order":1,"comment_status":"closed","ping_status":"closed","template":"","meta":{"footnotes":""},"class_list":["post-35","page","type-page","status-publish","hentry"],"_links":{"self":[{"href":"https:\/\/www.sapsalampi.fi\/index.php?rest_route=\/wp\/v2\/pages\/35","targetHints":{"allow":["GET"]}}],"collection":[{"href":"https:\/\/www.sapsalampi.fi\/index.php?rest_route=\/wp\/v2\/pages"}],"about":[{"href":"https:\/\/www.sapsalampi.fi\/index.php?rest_route=\/wp\/v2\/types\/page"}],"author":[{"embeddable":true,"href":"https:\/\/www.sapsalampi.fi\/index.php?rest_route=\/wp\/v2\/users\/1"}],"replies":[{"embeddable":true,"href":"https:\/\/www.sapsalampi.fi\/index.php?rest_route=%2Fwp%2Fv2%2Fcomments&post=35"}],"version-history":[{"count":11,"href":"https:\/\/www.sapsalampi.fi\/index.php?rest_route=\/wp\/v2\/pages\/35\/revisions"}],"predecessor-version":[{"id":507,"href":"https:\/\/www.sapsalampi.fi\/index.php?rest_route=\/wp\/v2\/pages\/35\/revisions\/507"}],"wp:attachment":[{"href":"https:\/\/www.sapsalampi.fi\/index.php?rest_route=%2Fwp%2Fv2%2Fmedia&parent=35"}],"curies":[{"name":"wp","href":"https:\/\/api.w.org\/{rel}","templated":true}]}}